{"id":71,"date":"2014-03-13T07:14:40","date_gmt":"2014-03-13T07:14:40","guid":{"rendered":"http:\/\/rainerklement.com\/?page_id=71"},"modified":"2022-01-13T19:55:56","modified_gmt":"2022-01-13T18:55:56","slug":"rainers-research-review","status":"publish","type":"page","link":"https:\/\/rainerklement.com\/en\/rainers-research-review","title":{"rendered":"Rainer&#8217;s Research Review"},"content":{"rendered":"<p>Rainer\u2019s Research Review was a collection of articles discussing scientific publications that I wrote for the former German Society for Paleo Nutrition (now the <a href=\"https:\/\/evolution-medizin-gesundheit.org\/\" target=\"_blank\" rel=\"noopener\">Society for Evolutionary Medicine and Health<\/a>). The main aim was to make scientific literature more accessible to laypersons and to provide my own interpretation of the data. Here you can download all articles, but unfortunately they are only available in German.<\/p>\n<p><a href=\"http:\/\/rainerklement.com\/wp-content\/uploads\/2014\/06\/RRR1.pdf\"><span style=\"color: #3366ff;\">RRR1 (2012): Bayesian time series analysis of terrestrial impact cratering<\/span><\/a><\/p>\n<p><a href=\"http:\/\/rainerklement.com\/wp-content\/uploads\/2014\/06\/RRR2.pdf\"><span style=\"color: #3366ff;\">RRR2: Hunter-gatherers and other primates as prey, predators, and competitors of snakes.<\/span><\/a><\/p>\n<p><a href=\"http:\/\/rainerklement.com\/wp-content\/uploads\/2014\/06\/RRR3.pdf\"><span style=\"color: #3366ff;\">RRR3: The Ketogenic Diet is an Effective Adjuvant to Radiation Therapy for the Treatment of Malignant Glioma<\/span>.<\/a><\/p>\n<p><a href=\"http:\/\/rainerklement.com\/wp-content\/uploads\/2014\/06\/RRR4.pdf\"><span style=\"color: #3366ff;\">RRR4 (2012): Low Carbohydrate-High Protein Diet and Incidence of Cardiovascular Diseases in Swedish Women: Prospective Cohort Study.<\/span><\/a><\/p>\n<p><a href=\"http:\/\/rainerklement.com\/wp-content\/uploads\/2014\/06\/RRR5.pdf\"><span style=\"color: #3366ff;\">RRR5 (2012): Hunter-Gatherer Energetics and Human Obesity.<\/span><\/a><\/p>\n<p><a href=\"http:\/\/rainerklement.com\/wp-content\/uploads\/2014\/06\/RRR6.pdf\"><span style=\"color: #3366ff;\">RRR6 (2012): Natural versus commercial carbohydrate supplementation and endurance running performance.<\/span><\/a><\/p>\n<p><a href=\"http:\/\/rainerklement.com\/wp-content\/uploads\/2014\/06\/RRR7.pdf\"><span style=\"color: #3366ff;\">RRR7 (2012): Impact of Calorie Restriction on health and survival in rhesus monkeys from the NIA study.<\/span><\/a><\/p>\n<p><a href=\"http:\/\/rainerklement.com\/wp-content\/uploads\/2014\/06\/RRR8.pdf\"><span style=\"color: #3366ff;\">RRR8 (2012): Low-Protein vegetarian diet does not have a short-term effect on blood acidbase status but raises oxygen consumption during submaximal cyclin<\/span>g <\/a><\/p>\n<p><a href=\"http:\/\/rainerklement.com\/wp-content\/uploads\/2014\/06\/RRR9.pdf\"><span style=\"color: #3366ff;\">RRR9 (2012): Increased Average Longevity among the \u201cTour de France\u201d Cyclists<\/span><\/a><\/p>\n<p><a href=\"http:\/\/rainerklement.com\/wp-content\/uploads\/2014\/06\/RRR10.pdf\"><span style=\"color: #3366ff;\">RRR10 (2014): The effect of protein timing on muscle strenght and hypertrophy: a meta-analysis<\/span><\/a><\/p>\n<p><a href=\"http:\/\/rainerklement.com\/wp-content\/uploads\/2014\/06\/RRR11.pdf\"><span style=\"color: #3366ff;\">RRR11 (2014): Kalorien, Kohlenhydrate und Krebs (Special Issue)<\/span><\/a><\/p>\n<p><a href=\"http:\/\/rainerklement.com\/wp-content\/uploads\/2014\/06\/RRR12.pdf\"><span style=\"color: #3366ff;\">RRR12 (2014): Is everything we eat associated with cancer? A systematic cookbook review.<\/span><\/a><\/p>\n<p><a href=\"http:\/\/rainerklement.com\/wp-content\/uploads\/2015\/01\/RRR13_ReplikHuebner.pdf\"><span style=\"color: #3366ff;\">RRR13 (2015): Erheblicher Schaden durch kohlenhydratarme Die\u00e4ten &#8211; Wo ist die Evidenz? (Leserbrief an die Zeitschrift FORUM)<\/span><\/a><\/p>\n<p><a href=\"http:\/\/rainerklement.com\/wp-content\/uploads\/2015\/01\/RRR14_Mayer.pdf\"><span style=\"color: #3366ff;\">RRR14 (2015): Strong adverse prognostic impact of hyperglycemic episodes during adjuvant chemoradiotherapy of glioblastoma multiform<\/span>e<\/a><\/p>\n<p><a href=\"http:\/\/rainerklement.com\/wp-content\/uploads\/2016\/06\/RRR15_deGroot.pdf\"><span style=\"color: #3366ff;\">RRR15 (2016): The effects of short-term fasting on tolerance to (neo) adjuvant chemo- therapy in HER2-negative breast cancer patients: a randomized pilotstudy (Originaltext, der dem Journal Club Beitrag &#8222;Fasten als therapeutische Erg\u00e4nzung&#8220; [INFO Onkologie 19(4):14-16] zugrunde liegt)<\/span><\/a><\/p>\n<p><a href=\"http:\/\/RRR16 (2016)\"><span style=\"color: #3366ff;\">RRR16 (2016) Safety and feasibility of fasting in combination with platinum-based chemotherapy<\/span><\/a><\/p>","protected":false},"excerpt":{"rendered":"<p>Rainer&#8217;s Research Review war eine Kollektion von Besprechungen von wissenschaftlichen Fachartikeln, welche ich damals f\u00fcr die Deutsche Gesellschaft f\u00fcr Pal\u00e4oern\u00e4hrung geschrieben habe (die heutige Gesellschaft f\u00fcr evolution\u00e4re Medizin und Gesundheit). Das Hauptziel war, Laien den Zugang zu wissenschaftlicher Literatur zu erleichtern und meine eigene Interpretation der Daten anzubieten. Hier k\u00f6nnen alle Artikel heruntergeladen werden. RRR1 [&hellip;]<\/p>","protected":false},"author":1,"featured_media":0,"parent":0,"menu_order":80,"comment_status":"closed","ping_status":"open","template":"","meta":{"ngg_post_thumbnail":0,"footnotes":""},"class_list":["post-71","page","type-page","status-publish","hentry"],"_links":{"self":[{"href":"https:\/\/rainerklement.com\/en\/wp-json\/wp\/v2\/pages\/71","targetHints":{"allow":["GET"]}}],"collection":[{"href":"https:\/\/rainerklement.com\/en\/wp-json\/wp\/v2\/pages"}],"about":[{"href":"https:\/\/rainerklement.com\/en\/wp-json\/wp\/v2\/types\/page"}],"author":[{"embeddable":true,"href":"https:\/\/rainerklement.com\/en\/wp-json\/wp\/v2\/users\/1"}],"replies":[{"embeddable":true,"href":"https:\/\/rainerklement.com\/en\/wp-json\/wp\/v2\/comments?post=71"}],"version-history":[{"count":27,"href":"https:\/\/rainerklement.com\/en\/wp-json\/wp\/v2\/pages\/71\/revisions"}],"predecessor-version":[{"id":1191,"href":"https:\/\/rainerklement.com\/en\/wp-json\/wp\/v2\/pages\/71\/revisions\/1191"}],"wp:attachment":[{"href":"https:\/\/rainerklement.com\/en\/wp-json\/wp\/v2\/media?parent=71"}],"curies":[{"name":"wp","href":"https:\/\/api.w.org\/{rel}","templated":true}]}}