{"id":412,"date":"2017-01-06T13:09:03","date_gmt":"2017-01-06T11:09:03","guid":{"rendered":"http:\/\/rainerklement.com\/?page_id=412"},"modified":"2025-07-13T17:49:48","modified_gmt":"2025-07-13T15:49:48","slug":"about","status":"publish","type":"page","link":"https:\/\/rainerklement.com\/en\/about-2\/about","title":{"rendered":"Person"},"content":{"rendered":"<p><img loading=\"lazy\" decoding=\"async\" class=\"wp-image-417 alignleft\" src=\"http:\/\/rainerklement.com\/wp-content\/uploads\/2014\/04\/z_DSC2985-e1483700850289-200x300.jpg\" alt=\"\" width=\"300\" height=\"451\" srcset=\"https:\/\/rainerklement.com\/wp-content\/uploads\/2014\/04\/z_DSC2985-e1483700850289-200x300.jpg 200w, https:\/\/rainerklement.com\/wp-content\/uploads\/2014\/04\/z_DSC2985-e1483700850289-100x150.jpg 100w, https:\/\/rainerklement.com\/wp-content\/uploads\/2014\/04\/z_DSC2985-e1483700850289-768x1154.jpg 768w, https:\/\/rainerklement.com\/wp-content\/uploads\/2014\/04\/z_DSC2985-e1483700850289-681x1024.jpg 681w, https:\/\/rainerklement.com\/wp-content\/uploads\/2014\/04\/z_DSC2985-e1483700850289-1000x1503.jpg 1000w\" sizes=\"auto, (max-width: 300px) 100vw, 300px\" \/>I am a medical physicist, naturopathic practitioner, sicentist and ambitious athlete (triathlon, olympic weightlifting). Currently I am working at the Department of Radiation Oncology and Radiotherapy at the Leopoldina Hospital in Schweinfurt, Germany. After graduating from the University of Heidelberg with a Diploma in Physics in 2005, I started to work as a PhD student in what I still believe to be the most fascinating science out there: Astronomy. My subject was the search for stellar streams in the vicinity of the Sun which are believed to be remnants of former satellite galaxies that became disrupted by the gravitational tides of the Milky Way galaxy. Due to my passion for triathlon and strength training and some own health problems that perplexed me at my young age, I also developed a strong interest in nutritional and health-related research. After receiving my PhD in 2008, I continued to work as a Post Doc at the Max-Planck-Institute for Astronomy mainly for the satellite project Gaia that has been launched late 2013. During that time, I also did an advanced course in Medical Physics at the German Cancer Research Center, thinking about a perfect opportunity to learn about medical topics and to eventually change towards a new and interesting working field.<\/p>\n<p>In January 2012, I moved back to my Frankonian home and started my training as a medical physicist at the Department of Radiation oncology at the University Hospital of W\u00fcrzburg. There I also was able to pursue some research on the ketogenic diet and on tumor metabolism. After two nice and interesting years in W\u00fcrzburg I finally got the chance to make it back to my home town Schweinfurt and started to work at the Leopoldina community hospital. With me I brought my own perspective on nature, science and health. In particular, I am convinced that much of the narratives about health and nutrition in particular are wrong, illogical and don\u2019t make sense from an evolutionary viewpoint, but this is supposed to be this way due to conflicts of interest. This perspective still influences my work and research.<\/p>\n<p>Im Jahr 2021 habe ich mich als Privatdozent an der medizinsichen Fakult\u00e4t der Universit\u00e4t Z\u00fcrich habilitiert. Am 06. November 2024 erlangte ich durch das Bestehen der Heilpraktiker-\u00dcberpr\u00fcfung am Gesundheitsamt W\u00fcrzburg die Erlaubnis zur Aus\u00fcbung der Heilkunde ohne Approbabtion. Im Februar 2025 erfolgte dann die Gr\u00fcndung der Praxis &#8222;SaluGena &#8211; Praxis f\u00fcr evolution\u00e4re Naturheilkunde&#8220;, die ich fortan nebenberuflich betreibe.<\/p>","protected":false},"excerpt":{"rendered":"<p>Ich bin Medizinphysiker, Heilpraktiker, Wissenschaftler und ambitionierter Sportler (Triathlon, Gewichtheben). Derzeit arbeite ich in der Klinik f\u00fcr Strahlentherapie am Leopoldina Krankenhaus Schweinfurt. Nach meinem Physik-Diplom an der Universit\u00e4t Heidelberg 2005 begann ich mein Promotionsstudium in dem f\u00fcr mich immer noch faszinierendsten wissenschaftlichen Fach: Der Astronomie. Mein Thema war die Suche nach Sternenstr\u00f6men in der galaktischen [&hellip;]<\/p>","protected":false},"author":1,"featured_media":0,"parent":434,"menu_order":2,"comment_status":"closed","ping_status":"closed","template":"","meta":{"ngg_post_thumbnail":0,"footnotes":""},"class_list":["post-412","page","type-page","status-publish","hentry"],"_links":{"self":[{"href":"https:\/\/rainerklement.com\/en\/wp-json\/wp\/v2\/pages\/412","targetHints":{"allow":["GET"]}}],"collection":[{"href":"https:\/\/rainerklement.com\/en\/wp-json\/wp\/v2\/pages"}],"about":[{"href":"https:\/\/rainerklement.com\/en\/wp-json\/wp\/v2\/types\/page"}],"author":[{"embeddable":true,"href":"https:\/\/rainerklement.com\/en\/wp-json\/wp\/v2\/users\/1"}],"replies":[{"embeddable":true,"href":"https:\/\/rainerklement.com\/en\/wp-json\/wp\/v2\/comments?post=412"}],"version-history":[{"count":27,"href":"https:\/\/rainerklement.com\/en\/wp-json\/wp\/v2\/pages\/412\/revisions"}],"predecessor-version":[{"id":1663,"href":"https:\/\/rainerklement.com\/en\/wp-json\/wp\/v2\/pages\/412\/revisions\/1663"}],"up":[{"embeddable":true,"href":"https:\/\/rainerklement.com\/en\/wp-json\/wp\/v2\/pages\/434"}],"wp:attachment":[{"href":"https:\/\/rainerklement.com\/en\/wp-json\/wp\/v2\/media?parent=412"}],"curies":[{"name":"wp","href":"https:\/\/api.w.org\/{rel}","templated":true}]}}