{"id":1567,"date":"2025-01-08T13:30:48","date_gmt":"2025-01-08T12:30:48","guid":{"rendered":"http:\/\/rainerklement.com\/?page_id=1567"},"modified":"2026-03-28T12:28:19","modified_gmt":"2026-03-28T11:28:19","slug":"praxis","status":"publish","type":"page","link":"https:\/\/rainerklement.com\/en\/praxis","title":{"rendered":"Services"},"content":{"rendered":"<h1><img loading=\"lazy\" decoding=\"async\" class=\"wp-image-1653 alignleft\" src=\"http:\/\/rainerklement.com\/wp-content\/uploads\/2025\/07\/LOGOcropped-300x211.png\" alt=\"\" width=\"270\" height=\"190\" srcset=\"https:\/\/rainerklement.com\/wp-content\/uploads\/2025\/07\/LOGOcropped-300x211.png 300w, https:\/\/rainerklement.com\/wp-content\/uploads\/2025\/07\/LOGOcropped-150x106.png 150w, https:\/\/rainerklement.com\/wp-content\/uploads\/2025\/07\/LOGOcropped-18x12.png 18w, https:\/\/rainerklement.com\/wp-content\/uploads\/2025\/07\/LOGOcropped.png 344w\" sizes=\"auto, (max-width: 270px) 100vw, 270px\" \/><\/h1>\r\n<h1>SaluGena &#8211; Praxis f\u00fcr evolution\u00e4re Naturheilkunde<\/h1>\r\nAm 06.11.2024 habe ich im Gesundheitsamt W\u00fcrzburg durch Bestehen der m\u00fcndlich-praktischen \u00dcberpr\u00fcfung die Erlaubnis zur Aus\u00fcbung der Heilkunde nach \u00a71 Heilpraktikergesetz erlangt. In eigener R\u00e4umlichkeit kann ich folgendes Leistungsspektrum anbieten:\r\n<ul>\r\n \t<li>Evolution\u00e4re Lebensstilberatung (z.B. Ern\u00e4hrung, Sport, Lichttherapie)&nbsp;<\/li>\r\n \t<li>Infusionstherapie<\/li>\r\n \t<li>Mikron\u00e4hrstofftherapie<\/li>\r\n \t<li>Komplement\u00e4re Therapienverfahren bei Ersch\u00f6pfung, Krebs- und Autoimmunerkrankungen<\/li>\r\n \t<li>Milde hyperbare Sauerstofftherapie<\/li>\r\n \t<li>Bioenergetische Motivation nach Viktor Philippi<\/li>\r\n<\/ul>\r\nBei Interesse vereinbaren Sie bitte einen Termin \u00fcber Email (rainer_klementATgmx.de). Viele Themen, wie z.B. Befundbesprechungen oder Ern\u00e4hrungsberatung, lassen sich auch sehr gut online durchf\u00fchren. Dazu k\u00f6nnen Sie die Kalenderfunktion weiter unten nutzen.\r\n<h1>Individuelle Gesundheitsberatung zur Linderung von Beschwerden<\/h1>\r\nK\u00f6rperliche, seelische und geistige Gesundheit ist unser wichtigstes Hab und Gut. Durch meine wissenschaftliche Arbeit im Bereich der Onkologie, Ern\u00e4hrungsforschung und evolution\u00e4ren (Lifestyle-)Medizin, der Erlangung der Heilkundeerlaubnis (Bestehen der Heilpraktiker-Pr\u00fcfung), sowie durch eigene praktische Erfahrungen und viele Fortbildungen habe ich mir das Wissen angeeignet, um andere Menschen auf ihrem Weg der Gesundwerdung bzw. Gesunderhaltung zu inspirieren. Im Rahmen meiner heilpraktischen T\u00e4tigkeit biete ich individuelle Beratungen an, die auf Ihre gesundheitliche Situation abgestimmt sind Diese Gespr\u00e4che k\u00f6nnen begleitend zur Behandlung erfolgen oder auch als eigenst\u00e4ndige Ma\u00dfnahme zur Linderung k\u00f6rperlicher oder seelischer Beschwerden dienen. Wichtig: Die Beratungen ersetzen keine schulkmedizinsche Behandlung, k\u00f6nnen aber sinnvoll erg\u00e4nzend und unterst\u00fctzend wirken.<strong>&nbsp;Bei Interesse an einer Beratung k\u00f6nnen Sie hier einen Termin buchen:<\/strong>\r\n\r\n<!-- Calendly Inline-Widget Beginn -->\r\n<div class=\"calendly-inline-widget\" style=\"min-width: 320px; height: 700px;\" data-url=\"https:\/\/calendly.com\/rainer_klement\/online-beratung?hide_gdpr_banner=1\">&nbsp;<\/div>\r\n<script type=\"text\/javascript\" src=\"https:\/\/assets.calendly.com\/assets\/external\/widget.js\" async=\"\"><\/script>\r\n\r\n<!-- Calendly Inline-Widget Ende -->\r\n\r\n&nbsp;\r\n\r\n\r\n<p style=\"text-align: left;\">&nbsp;<\/p>\r\n\r\n<h1>Allgemeine Gesundheitsberatung<\/h1>\r\nEs besteht auch die M\u00f6glichkeit f\u00fcr Beratungen, die nicht prim\u00e4r auf die Linderung von Beschwerden abzielen. Auch hier k\u00f6nnen Sie \u00fcber oben verlinktes Formular einen Termin buchen.\r\n\r\n&nbsp;\r\n<h2>Consultations concerning radiotherapy<\/h2>\r\nAs a medical physicist expert with long lasting working experience in a radiation oncology clinic, I can answer your questions concerning radiation treatment planning, treatment technique and the aim of radiotherapy with the help of radiobiology.\r\n\r\n&nbsp;\r\n<h2>Nutritional counseling<\/h2>\r\nDie Ern\u00e4hrung ist nach meiner Erfahrung eine gro\u00dfe Stellschraube, mit der sich schnell gesundheitliche Verbesserungen erzielen lassen. Mein Schwerpunkt liegt hierbei auf evolution\u00e4r begr\u00fcndeten Ern\u00e4hrungsprinzipien und deren Umsetzung im Rahmen einer Pal\u00e4o-, ketogenen oder carnivoren Ern\u00e4hrung. Ich selbst besitze langj\u00e4hrige Erfahrung mit diesen Ern\u00e4hrungsformen und kann Ihnen deshalb bei deren Umsetzung sehr gut mit Rat und Tat zur Seite stehen. Eine gute Ern\u00e4hrung ist die Grundvoraussetzung f\u00fcr Leistungsf\u00e4higkeit und Widerstandskraft. Durch pers\u00f6nliche Beratung kann ich mit Ihnen gemeinsam ein individuelles, effektives Ern\u00e4hrungskonzept erarbeiten, welches Sie nachhaltig umsetzen k\u00f6nnen. Dazu geh\u00f6rt auch eine individuell angepasst Erg\u00e4nzung mit Mikron\u00e4hrstoffen, die in der modernen Ern\u00e4hrung h\u00e4ufig nicht mehr ausreichend zur Verf\u00fcgung stehen.<!-- \/wp:post-content -->","protected":false},"excerpt":{"rendered":"<p>SaluGena &#8211; Praxis f\u00fcr evolution\u00e4re Naturheilkunde Am 06.11.2024 habe ich im Gesundheitsamt W\u00fcrzburg durch Bestehen der m\u00fcndlich-praktischen \u00dcberpr\u00fcfung die Erlaubnis zur Aus\u00fcbung der Heilkunde nach \u00a71 Heilpraktikergesetz erlangt. In eigener R\u00e4umlichkeit kann ich folgendes Leistungsspektrum anbieten: Evolution\u00e4re Lebensstilberatung (z.B. Ern\u00e4hrung, Sport, Lichttherapie)&nbsp; Infusionstherapie Mikron\u00e4hrstofftherapie Komplement\u00e4re Therapienverfahren bei Ersch\u00f6pfung, Krebs- und Autoimmunerkrankungen Milde hyperbare Sauerstofftherapie Bioenergetische [&hellip;]<\/p>","protected":false},"author":1,"featured_media":0,"parent":0,"menu_order":3,"comment_status":"closed","ping_status":"closed","template":"","meta":{"ngg_post_thumbnail":0,"footnotes":""},"class_list":["post-1567","page","type-page","status-publish","hentry"],"_links":{"self":[{"href":"https:\/\/rainerklement.com\/en\/wp-json\/wp\/v2\/pages\/1567","targetHints":{"allow":["GET"]}}],"collection":[{"href":"https:\/\/rainerklement.com\/en\/wp-json\/wp\/v2\/pages"}],"about":[{"href":"https:\/\/rainerklement.com\/en\/wp-json\/wp\/v2\/types\/page"}],"author":[{"embeddable":true,"href":"https:\/\/rainerklement.com\/en\/wp-json\/wp\/v2\/users\/1"}],"replies":[{"embeddable":true,"href":"https:\/\/rainerklement.com\/en\/wp-json\/wp\/v2\/comments?post=1567"}],"version-history":[{"count":18,"href":"https:\/\/rainerklement.com\/en\/wp-json\/wp\/v2\/pages\/1567\/revisions"}],"predecessor-version":[{"id":1703,"href":"https:\/\/rainerklement.com\/en\/wp-json\/wp\/v2\/pages\/1567\/revisions\/1703"}],"wp:attachment":[{"href":"https:\/\/rainerklement.com\/en\/wp-json\/wp\/v2\/media?parent=1567"}],"curies":[{"name":"wp","href":"https:\/\/api.w.org\/{rel}","templated":true}]}}