{"id":210,"date":"2014-06-04T19:48:26","date_gmt":"2014-06-04T17:48:26","guid":{"rendered":"http:\/\/rainerklement.com\/?page_id=210"},"modified":"2025-07-06T08:23:26","modified_gmt":"2025-07-06T06:23:26","slug":"multimedia","status":"publish","type":"page","link":"http:\/\/rainerklement.com\/en\/multimedia","title":{"rendered":"Multimedia"},"content":{"rendered":"<ul>\r\n<li>\r\n<h5 class=\"style-scope ytd-watch-metadata\">Interview mit Valeria Uslar vom Carnivore College<strong><br \/><\/strong><\/h5>\r\n<p><iframe loading=\"lazy\" title=\"DAS ist die Ursache f\u00fcr Krebs ft. Rainer J Klement\" width=\"700\" height=\"394\" src=\"https:\/\/www.youtube.com\/embed\/V0LYCGjnLwQ?feature=oembed\" frameborder=\"0\" allow=\"accelerometer; autoplay; clipboard-write; encrypted-media; gyroscope; picture-in-picture; web-share\" referrerpolicy=\"strict-origin-when-cross-origin\" allowfullscreen><\/iframe><\/p>\r\n<\/li>\r\n<li>\r\n<h5 class=\"style-scope ytd-watch-metadata\">My first interview where I acted as the interviewer: Dr. Kingsley L. Dennis on technology and human evolution<strong><br \/><\/strong><\/h5>\r\n<p><iframe loading=\"lazy\" title=\"The Human-Driven Narrative of Techno-Evolution: Kingsley Dennis &amp; Rainer Klement\" width=\"700\" height=\"394\" src=\"https:\/\/www.youtube.com\/embed\/xALwbVMFsmU?feature=oembed\" frameborder=\"0\" allow=\"accelerometer; autoplay; clipboard-write; encrypted-media; gyroscope; picture-in-picture; web-share\" referrerpolicy=\"strict-origin-when-cross-origin\" allowfullscreen><\/iframe><\/p>\r\n<\/li>\r\n<li>\r\n<h5 class=\"style-scope ytd-watch-metadata\"><a href=\"https:\/\/milieu-oder-mikrobe.podigee.io\/62-new-episode\" target=\"_blank\" rel=\"noopener\">Podcast mit Jens Freese und Axel Sonnenberg<\/a><\/h5>\r\n<\/li>\r\n<li>\r\n<h5 class=\"style-scope ytd-watch-metadata\">Interview mit Patric Heizmann: SATT essen, wa\u0308hrend der Krebs stirbt!<strong><br \/><\/strong><\/h5>\r\n<p><iframe loading=\"lazy\" title=\"SATT essen, wa\u0308hrend der Krebs stirbt! Interview mit Krebsforscher Dr  Rainer Klement\" width=\"700\" height=\"394\" src=\"https:\/\/www.youtube.com\/embed\/i3xB0neimcE?feature=oembed\" frameborder=\"0\" allow=\"accelerometer; autoplay; clipboard-write; encrypted-media; gyroscope; picture-in-picture; web-share\" referrerpolicy=\"strict-origin-when-cross-origin\" allowfullscreen><\/iframe><\/p>\r\n<\/li>\r\n<li>\r\n<h5 class=\"style-scope ytd-watch-metadata\"><a href=\"https:\/\/milieu-oder-mikrobe.podigee.io\/62-new-episode\" target=\"_blank\" rel=\"noopener\">Interview mit Jens Freese und Axel Sonnenberg<\/a><\/h5>\r\n<\/li>\r\n<li>\r\n<h5>Q&amp;A: Carnivore und Sport mit Boris Kartsen und Christoph Lex<\/h5>\r\n<p><iframe loading=\"lazy\" title=\"Q\/A: CARNIVORE &amp; Sport mit Dr. Rainer Klement &amp; Christoph LeX #carnivore #fitness #steak\" width=\"700\" height=\"394\" src=\"https:\/\/www.youtube.com\/embed\/u39gB47mLfw?feature=oembed\" frameborder=\"0\" allow=\"accelerometer; autoplay; clipboard-write; encrypted-media; gyroscope; picture-in-picture; web-share\" referrerpolicy=\"strict-origin-when-cross-origin\" allowfullscreen><\/iframe><\/p>\r\n<\/li>\r\n<li>\r\n<h5>Interview mit Boris Karsten zu meinem Buch<\/h5>\r\n<p><iframe loading=\"lazy\" title=\"INTERVIEW mit Prof.Dr. RAINER KLEMENT #carnivore #krebs #sport #fitness #gesundheit\" width=\"700\" height=\"394\" src=\"https:\/\/www.youtube.com\/embed\/zuZnmVFnNBE?feature=oembed\" frameborder=\"0\" allow=\"accelerometer; autoplay; clipboard-write; encrypted-media; gyroscope; picture-in-picture; web-share\" referrerpolicy=\"strict-origin-when-cross-origin\" allowfullscreen><\/iframe><\/p>\r\n<\/li>\r\n<li>\r\n<h5>Fleischzeitpodcast Nr. 139: Mein Vortrag \u00fcber die erste deutsche Carnivore-Studie in Bebra<\/h5>\r\n<p><iframe loading=\"lazy\" title=\"139 Dr. Rainer Klement pr\u00e4sentiert die erste Deutsche Carnivore Studie\" width=\"700\" height=\"394\" src=\"https:\/\/www.youtube.com\/embed\/FxSG9R6zb6s?feature=oembed\" frameborder=\"0\" allow=\"accelerometer; autoplay; clipboard-write; encrypted-media; gyroscope; picture-in-picture; web-share\" referrerpolicy=\"strict-origin-when-cross-origin\" allowfullscreen><\/iframe><\/p>\r\n<\/li>\r\n<li>\r\n<h5>Interview mit M.Sc. Julia Tulipan \u00fcber mein Buch und die Theorie von Krebs als R\u00fcckschritt in der Evolution<\/h5>\r\n<p><iframe loading=\"lazy\" title=\"Krebs - Verstehen, vermeiden und ganzheitlich behandeln - Dr. Rainer Klement\" width=\"700\" height=\"394\" src=\"https:\/\/www.youtube.com\/embed\/pw904-UReXc?feature=oembed\" frameborder=\"0\" allow=\"accelerometer; autoplay; clipboard-write; encrypted-media; gyroscope; picture-in-picture; web-share\" referrerpolicy=\"strict-origin-when-cross-origin\" allowfullscreen><\/iframe><\/p>\r\n<\/li>\r\n<li>\r\n<h5>Interview mit Prof. Dr. Spitz \u00fcber &#8222;Krebs als Weckruf des K\u00f6rpers &#8211; Krebs verstehen und \u00fcberwinden dank artgerechtem Lebensstil&#8220;<\/h5>\r\n<p><iframe loading=\"lazy\" title=\"Krebs als Weckruf des K\u00f6rpers - Krebs verstehen und \u00fcberwinden dank artgerechtem Lebensstil\" width=\"700\" height=\"394\" src=\"https:\/\/www.youtube.com\/embed\/Yfeo2lecf1g?feature=oembed\" frameborder=\"0\" allow=\"accelerometer; autoplay; clipboard-write; encrypted-media; gyroscope; picture-in-picture; web-share\" referrerpolicy=\"strict-origin-when-cross-origin\" allowfullscreen><\/iframe><\/p>\r\n<\/li>\r\n<li>\r\n<h5>Interview mit Dr. Shawn Baker, Andrea Siemoneit und Johannes \u00fcber die carnivore Ern\u00e4hrung<\/h5>\r\n<p><iframe loading=\"lazy\" title=\"120 Dr. Shawn Baker, der ber\u00fchmteste Carnivore, im Interview\" width=\"700\" height=\"394\" src=\"https:\/\/www.youtube.com\/embed\/qc2O08SjHE4?feature=oembed\" frameborder=\"0\" allow=\"accelerometer; autoplay; clipboard-write; encrypted-media; gyroscope; picture-in-picture; web-share\" referrerpolicy=\"strict-origin-when-cross-origin\" allowfullscreen><\/iframe><\/p>\r\n<\/li>\r\n<li>\r\n<h5>Interview mit Jasmin Kosubek \u00fcber artgerechte und krebsspezifische Ern\u00e4hrung<\/h5>\r\n<p><iframe loading=\"lazy\" title=\"Medizinphysiker und Krebsforscher \u00fcber die artgerechte Ern\u00e4hrung des Menschen | Dr. Rainer Klement\" width=\"700\" height=\"394\" src=\"https:\/\/www.youtube.com\/embed\/G8mF_vTDdqo?feature=oembed\" frameborder=\"0\" allow=\"accelerometer; autoplay; clipboard-write; encrypted-media; gyroscope; picture-in-picture; web-share\" referrerpolicy=\"strict-origin-when-cross-origin\" allowfullscreen><\/iframe><\/p>\r\n<\/li>\r\n<li>\r\n<h5>Interview mit Andrea Siemoneit im Fleischzeit-Podcast \u00fcber mein Buch &#8222;KREBS-Weckruf des K\u00f6rpers&#8220;<\/h5>\r\n<p><iframe loading=\"lazy\" title=\"116 Priv.-Doz. Dr. rer. nat. Rainer Johannes Klement \u00fcber Krebs\" width=\"700\" height=\"394\" src=\"https:\/\/www.youtube.com\/embed\/BJ0MlO00YfQ?feature=oembed\" frameborder=\"0\" allow=\"accelerometer; autoplay; clipboard-write; encrypted-media; gyroscope; picture-in-picture; web-share\" referrerpolicy=\"strict-origin-when-cross-origin\" allowfullscreen><\/iframe><\/p>\r\n<\/li>\r\n<li>\r\n<h5>Interview with Dr. Shawn Baker about ketogenic diets, exercise, carnivore and cancer (plus some astronomy)<\/h5>\r\n<p><iframe loading=\"lazy\" title=\"Carbohydrate Restriction Against Cancer | Dr Shawn Baker &amp; Dr Rainer Klement\" width=\"700\" height=\"394\" src=\"https:\/\/www.youtube.com\/embed\/2L1ZuAMRxcs?feature=oembed\" frameborder=\"0\" allow=\"accelerometer; autoplay; clipboard-write; encrypted-media; gyroscope; picture-in-picture; web-share\" referrerpolicy=\"strict-origin-when-cross-origin\" allowfullscreen><\/iframe><\/p>\r\n<\/li>\r\n<li>\r\n<h5>Interview with Andrea Siemoneit and Dave Niedermayr in their \"Fleischzeit\" Podcast<\/h5>\r\n<p><iframe loading=\"lazy\" src=\"https:\/\/player.simplecast.com\/b260f02d-73ad-4da2-834c-67984a7165b4?dark=false\" width=\"100%\" height=\"200px\" frameborder=\"no\" scrolling=\"no\" seamless=\"\"><\/iframe><\/p>\r\n<\/li>\r\n<li>\r\n<h5>My talk at the 2nd Annual Conference on Nutritional Ketosis and Metabolic Therapeutics February 2017, Tampa, FL<\/h5>\r\n<p><iframe loading=\"lazy\" title=\"Rainer Klement, Ph.D.: Fats and Physics - Adding a Ketogenic Diet to Radiation in Cancer Treatment\" width=\"700\" height=\"394\" src=\"https:\/\/www.youtube.com\/embed\/JFcqTNHTeu0?start=732&#038;feature=oembed\" frameborder=\"0\" allow=\"accelerometer; autoplay; clipboard-write; encrypted-media; gyroscope; picture-in-picture; web-share\" referrerpolicy=\"strict-origin-when-cross-origin\" allowfullscreen><\/iframe><\/p>\r\n<\/li>\r\n<li>\r\n<h5><a href=\"http:\/\/evolutionradioshow.com\/folge-046-rainer-klement-krebstherapie-ketogene-ernaehrung\/\" target=\"_blank\" rel=\"noopener noreferrer\">Interview with Julia Tulipan from the Evolution Radio Show<\/a> (in German)<\/h5>\r\n<\/li>\r\n<li>\r\n<h5><a href=\"http:\/\/www.paleo360.de\/gesundheit\/schuetzt-paleo-vor-krebs-interview-mit-krebsexperte-dr-rainer-klement\/\" target=\"_blank\" rel=\"noopener noreferrer\">Interview with Nico Richter from the biggest German Paleo blog &#8222;Paleo360&#8220; about nutrition, cancer and\u00a0physical activity <\/a>(in German)<\/h5>\r\n<\/li>\r\n<li>\r\n<h5>Talk at the Ancestral Health Symposium in Harvard, August 2012:<\/h5>\r\n<\/li>\r\n<\/ul>\r\n<p><iframe loading=\"lazy\" title=\"AHS12 Rainer Klement PhD - A Role for a Paleolithic Diet in the Treatment &amp; Prevention of Cancer\" width=\"700\" height=\"394\" src=\"https:\/\/www.youtube.com\/embed\/c9-PGVS7H0s?feature=oembed\" frameborder=\"0\" allow=\"accelerometer; autoplay; clipboard-write; encrypted-media; gyroscope; picture-in-picture; web-share\" referrerpolicy=\"strict-origin-when-cross-origin\" allowfullscreen><\/iframe><\/p>\r\n<h1>\u00a0<\/h1>\r\n\r\n<p>&nbsp;<\/p>","protected":false},"excerpt":{"rendered":"<p>Interview mit Valeria Uslar vom Carnivore College My first interview where I acted as the interviewer: Dr. Kingsley L. Dennis on technology and human evolution Podcast mit Jens Freese und Axel Sonnenberg Interview mit Patric Heizmann: SATT essen, wa\u0308hrend der Krebs stirbt! Interview mit Jens Freese und Axel Sonnenberg Q&amp;A: Carnivore und Sport mit Boris [&hellip;]<\/p>","protected":false},"author":1,"featured_media":0,"parent":0,"menu_order":70,"comment_status":"closed","ping_status":"open","template":"","meta":{"ngg_post_thumbnail":0,"footnotes":""},"class_list":["post-210","page","type-page","status-publish","hentry"],"_links":{"self":[{"href":"http:\/\/rainerklement.com\/en\/wp-json\/wp\/v2\/pages\/210","targetHints":{"allow":["GET"]}}],"collection":[{"href":"http:\/\/rainerklement.com\/en\/wp-json\/wp\/v2\/pages"}],"about":[{"href":"http:\/\/rainerklement.com\/en\/wp-json\/wp\/v2\/types\/page"}],"author":[{"embeddable":true,"href":"http:\/\/rainerklement.com\/en\/wp-json\/wp\/v2\/users\/1"}],"replies":[{"embeddable":true,"href":"http:\/\/rainerklement.com\/en\/wp-json\/wp\/v2\/comments?post=210"}],"version-history":[{"count":60,"href":"http:\/\/rainerklement.com\/en\/wp-json\/wp\/v2\/pages\/210\/revisions"}],"predecessor-version":[{"id":1648,"href":"http:\/\/rainerklement.com\/en\/wp-json\/wp\/v2\/pages\/210\/revisions\/1648"}],"wp:attachment":[{"href":"http:\/\/rainerklement.com\/en\/wp-json\/wp\/v2\/media?parent=210"}],"curies":[{"name":"wp","href":"https:\/\/api.w.org\/{rel}","templated":true}]}}