{"id":1586,"date":"2025-05-29T21:22:25","date_gmt":"2025-05-29T19:22:25","guid":{"rendered":"https:\/\/rainerklement.com\/?page_id=1586"},"modified":"2026-01-26T16:57:23","modified_gmt":"2026-01-26T15:57:23","slug":"empfehlungen","status":"publish","type":"page","link":"http:\/\/rainerklement.com\/en\/empfehlungen","title":{"rendered":"Empfehlungen"},"content":{"rendered":"<p>Hier werde ich nach und nach verschiedene Produkte vorstellen, die ich aufgrund meiner Erfahrung mit Klienten und mir selbst uneingeschr\u00e4nkt weiterempfehlen kann.<\/p>\r\n\r\n\r\n\r\n<figure class=\"wp-block-gallery has-nested-images columns-2 is-cropped has-black-background-color has-background wp-block-gallery-1 is-layout-flex wp-block-gallery-is-layout-flex\">\r\n<figure class=\"wp-block-image size-medium\"><a href=\"https:\/\/www.carnivoro.eu\/products\/grass-fed-beef-liver?variant=47764123156816\" target=\"_blank\" rel=\"noreferrer noopener\"><img loading=\"lazy\" decoding=\"async\" width=\"300\" height=\"225\" data-id=\"1587\" class=\"wp-image-1587\" src=\"https:\/\/rainerklement.com\/wp-content\/uploads\/2025\/02\/20230901_174556-300x225.jpg\" alt=\"Carnivoro Innereienkapseln\" srcset=\"http:\/\/rainerklement.com\/wp-content\/uploads\/2025\/02\/20230901_174556-300x225.jpg 300w, http:\/\/rainerklement.com\/wp-content\/uploads\/2025\/02\/20230901_174556-1024x768.jpg 1024w, http:\/\/rainerklement.com\/wp-content\/uploads\/2025\/02\/20230901_174556-150x113.jpg 150w, http:\/\/rainerklement.com\/wp-content\/uploads\/2025\/02\/20230901_174556-768x576.jpg 768w, http:\/\/rainerklement.com\/wp-content\/uploads\/2025\/02\/20230901_174556-1536x1152.jpg 1536w, http:\/\/rainerklement.com\/wp-content\/uploads\/2025\/02\/20230901_174556-2048x1536.jpg 2048w, http:\/\/rainerklement.com\/wp-content\/uploads\/2025\/02\/20230901_174556-16x12.jpg 16w, http:\/\/rainerklement.com\/wp-content\/uploads\/2025\/02\/20230901_174556-1000x750.jpg 1000w\" sizes=\"auto, (max-width: 300px) 100vw, 300px\" \/><\/a>\r\n<figcaption class=\"wp-element-caption\"><mark class=\"has-inline-color has-white-color\" style=\"background-color: #000000;\">Innereien-Kapseln von ungeimpften, grasgef\u00fctterten Rindern. Rabattcode f\u00fcr 10% bei erster Bestellung: RJK10<\/mark><\/figcaption>\r\n<\/figure>\r\n\r\n\r\n\r\n<figure class=\"wp-block-image size-medium\">\r\n<img loading=\"lazy\" decoding=\"async\" data-id=\"1589\" class=\"wp-image-1684 size-medium\" src=\"http:\/\/rainerklement.com\/wp-content\/uploads\/2026\/01\/eap-237x300.jpg\" alt=\"\" width=\"237\" height=\"300\" srcset=\"http:\/\/rainerklement.com\/wp-content\/uploads\/2026\/01\/eap-237x300.jpg 237w, http:\/\/rainerklement.com\/wp-content\/uploads\/2026\/01\/eap-118x150.jpg 118w, http:\/\/rainerklement.com\/wp-content\/uploads\/2026\/01\/eap-9x12.jpg 9w, http:\/\/rainerklement.com\/wp-content\/uploads\/2026\/01\/eap.jpg 541w\" sizes=\"auto, (max-width: 237px) 100vw, 237px\" \/>\r\n<figcaption class=\"wp-element-caption\"><mark class=\"has-inline-color has-white-color\" style=\"background-color: #000000;\">Das optimale Aminos\u00e4uremuster f\u00fcr den Menschen, hergeleitet aus unserer DNA (genauer gesagt dem protein-codierenden Exom). Dies ist ein absolutes Premiumprodukt, das neben allen 20 proteinogenen Aminos\u00e4uren im exakt richtigen Verh\u00e4ltnis auch noch Nukleotide enth\u00e4lt. Rabattcode: V3372<\/mark><\/figcaption>\r\n<\/figure>\r\n\r\n\r\n\r\n<figure class=\"wp-block-image size-medium\"><a href=\"https:\/\/hyperbarics-europe.com\/\" target=\"_blank\" rel=\"noreferrer noopener\"><img loading=\"lazy\" decoding=\"async\" width=\"300\" height=\"200\" data-id=\"1592\" class=\"wp-image-1592\" src=\"https:\/\/rainerklement.com\/wp-content\/uploads\/2025\/02\/he-relax-hauptbild-300x200.jpeg\" alt=\"\" srcset=\"http:\/\/rainerklement.com\/wp-content\/uploads\/2025\/02\/he-relax-hauptbild-300x200.jpeg 300w, http:\/\/rainerklement.com\/wp-content\/uploads\/2025\/02\/he-relax-hauptbild-150x100.jpeg 150w, http:\/\/rainerklement.com\/wp-content\/uploads\/2025\/02\/he-relax-hauptbild-768x513.jpeg 768w, http:\/\/rainerklement.com\/wp-content\/uploads\/2025\/02\/he-relax-hauptbild-18x12.jpeg 18w, http:\/\/rainerklement.com\/wp-content\/uploads\/2025\/02\/he-relax-hauptbild.jpeg 951w\" sizes=\"auto, (max-width: 300px) 100vw, 300px\" \/><\/a>\r\n<figcaption class=\"wp-element-caption\"><mark class=\"has-inline-color\" style=\"background-color: #000000; color: #f6f6f8;\">Die \u00dcberdruckkammern von Hyperbarics Europe k\u00f6nnen zu mehr Energie und schnellerer Regeneration verhelfen. Die vielf\u00e4ltigen Anwendungen der milden \u00dcberdrucktherapie habe ich in einem eigenen Kapitel in meinem Buch beschrieben.<\/mark><\/figcaption>\r\n<\/figure>\r\n\r\n\r\n\r\n<figure class=\"wp-block-image size-medium\"><a href=\"https:\/\/lichtblock.shop\/\" target=\"_blank\" rel=\"noreferrer noopener\"><img loading=\"lazy\" decoding=\"async\" width=\"300\" height=\"196\" data-id=\"1614\" class=\"wp-image-1614\" src=\"https:\/\/rainerklement.com\/wp-content\/uploads\/2025\/05\/Blaulichtblocker-Brille-300x196.jpg\" alt=\"\" srcset=\"http:\/\/rainerklement.com\/wp-content\/uploads\/2025\/05\/Blaulichtblocker-Brille-300x196.jpg 300w, http:\/\/rainerklement.com\/wp-content\/uploads\/2025\/05\/Blaulichtblocker-Brille-150x98.jpg 150w, http:\/\/rainerklement.com\/wp-content\/uploads\/2025\/05\/Blaulichtblocker-Brille-768x502.jpg 768w, http:\/\/rainerklement.com\/wp-content\/uploads\/2025\/05\/Blaulichtblocker-Brille-18x12.jpg 18w, http:\/\/rainerklement.com\/wp-content\/uploads\/2025\/05\/Blaulichtblocker-Brille.jpg 819w\" sizes=\"auto, (max-width: 300px) 100vw, 300px\" \/><\/a>\r\n<figcaption class=\"wp-element-caption\"><mark class=\"has-inline-color has-white-color\" style=\"background-color: #000000;\">Blaulichtfilter-Brillen von Lichtblock f\u00fcr den Schutz der Augen und das Verhindern der Melatonin-Blockade beim abendlichen Fernsehen und Arbeiten am Laptop oder Smartphone. Rabattcode f\u00fcr 10%: RJK10<\/mark><\/figcaption>\r\n<\/figure>\r\n\r\n\r\n\r\n<figure class=\"wp-block-image size-medium\"><a href=\"https:\/\/wurzler.at\/products\/barfussschuhe-aktiv-weiss?ref=RJK\" target=\"_blank\" rel=\"noreferrer noopener\"><img decoding=\"async\" data-id=\"1614\" class=\"wp-image-1614\" src=\"http:\/\/rainerklement.com\/wp-content\/uploads\/2025\/07\/wurzler_schuhe_v1-300x300.webp\" alt=\"\"><\/a>\r\n<figcaption class=\"wp-element-caption\"><mark class=\"has-inline-color has-white-color\" style=\"background-color: #000000;\">Sch\u00f6ne Barfu\u00dfschuhe von Wurzler mit leitf\u00e4higer Sohle; perfekt f\u00fcr die t\u00e4gliche Erdung (Earthing\/Grounding). Rabattcode f\u00fcr 15% f\u00fcr dieses und andere Erdungs-Produkte von Wurzler: RJK15<\/mark><\/figcaption>\r\n<\/figure>\r\n\r\n\r\n\r\n<figure class=\"wp-block-image size-medium\"><a href=\"https:\/\/qiblanco.com\/products\/qione-2-pro\" target=\"_blank\" rel=\"noreferrer noopener\"><img decoding=\"async\" data-id=\"1614\" class=\"wp-image-1614\" src=\"http:\/\/rainerklement.com\/wp-content\/uploads\/2025\/07\/QuiOne.jpg\" alt=\"\"><\/a>\r\n<figcaption class=\"wp-element-caption\"><mark class=\"has-inline-color has-white-color\" style=\"background-color: #000000;\">QiOne 2 Pro Anh\u00e4nger<\/mark><\/figcaption>\r\n<\/figure>\r\n<\/figure>\r\n\r\n\r\n\r\n<p>&nbsp;<\/p>","protected":false},"excerpt":{"rendered":"<p>Hier werde ich nach und nach verschiedene Produkte vorstellen, die ich aufgrund meiner Erfahrung mit Klienten und mir selbst uneingeschr\u00e4nkt weiterempfehlen kann. &nbsp;<\/p>","protected":false},"author":1,"featured_media":0,"parent":0,"menu_order":6,"comment_status":"closed","ping_status":"closed","template":"page-full-width.php","meta":{"ngg_post_thumbnail":0,"footnotes":""},"class_list":["post-1586","page","type-page","status-publish","hentry"],"_links":{"self":[{"href":"http:\/\/rainerklement.com\/en\/wp-json\/wp\/v2\/pages\/1586","targetHints":{"allow":["GET"]}}],"collection":[{"href":"http:\/\/rainerklement.com\/en\/wp-json\/wp\/v2\/pages"}],"about":[{"href":"http:\/\/rainerklement.com\/en\/wp-json\/wp\/v2\/types\/page"}],"author":[{"embeddable":true,"href":"http:\/\/rainerklement.com\/en\/wp-json\/wp\/v2\/users\/1"}],"replies":[{"embeddable":true,"href":"http:\/\/rainerklement.com\/en\/wp-json\/wp\/v2\/comments?post=1586"}],"version-history":[{"count":25,"href":"http:\/\/rainerklement.com\/en\/wp-json\/wp\/v2\/pages\/1586\/revisions"}],"predecessor-version":[{"id":1687,"href":"http:\/\/rainerklement.com\/en\/wp-json\/wp\/v2\/pages\/1586\/revisions\/1687"}],"wp:attachment":[{"href":"http:\/\/rainerklement.com\/en\/wp-json\/wp\/v2\/media?parent=1586"}],"curies":[{"name":"wp","href":"https:\/\/api.w.org\/{rel}","templated":true}]}}